{"id":4163,"date":"2021-11-29T13:14:28","date_gmt":"2021-11-29T13:14:28","guid":{"rendered":"https:\/\/fortgale.com\/news\/?page_id=4163"},"modified":"2021-11-29T13:14:28","modified_gmt":"2021-11-29T13:14:28","slug":"privacy-policy","status":"publish","type":"page","link":"https:\/\/fortgale.com\/blog\/privacy-policy\/","title":{"rendered":"Privacy Policy"},"content":{"rendered":"\n<h2 class=\"wp-block-heading\"><strong>Informativa ai sensi dell\u2019Art. 13 del Regolamento Europeo n. 679\/2016 (GDPR)<\/strong><\/h2>\n\n\n\n<p>Questo documento \u00e8 stato redatto in conformit\u00e0 ai principi del Regolamento UE 2016\/679 (GDPR) in materia di protezione dei dati personali (di seguito il \u201cRegolamento\u201d) con la finalit\u00e0 permettere agli utenti del sito&nbsp;<a href=\"https:\/\/www.fortgale.com\/\">www.fortgale.com<\/a>&nbsp;(di seguito il \u201cSito\u201d) di conoscerne la politica sulla privacy, capire come le loro informazioni personali vengano gestite nel momento di fruizione del Sito e, qualora necessario, prestare un consenso al trattamento dei propri dati personali in maniera espressa e consapevole.<\/p>\n\n\n\n<p>Le informazioni ed i dati forniti dagli utenti, o altrimenti acquisiti nell\u2019ambito dell\u2019utilizzo dei servizi di navigazione del Sito, saranno oggetto di trattamento nel rispetto delle disposizioni del Regolamento e degli obblighi di riservatezza che ispirano l\u2019attivit\u00e0 di Fortgale S.r.l. (di seguito \u201cFortgale\u201d).<\/p>\n\n\n\n<p>Secondo le norme del Regolamento, i trattamenti effettuati da Fortgale saranno improntati ai principi di liceit\u00e0, correttezza, trasparenza, limitazione delle finalit\u00e0 e della conservazione, minimizzazione dei dati, esattezza, integrit\u00e0 e riservatezza, nonch\u00e9 al principio di responsabilizzazione di cui all\u2019art. 5 del Regolamento.<\/p>\n\n\n\n<p>Specifiche misure di sicurezza sono osservate per prevenire la perdita dei dati, usi illeciti, o non corretti e accessi non autorizzati.<\/p>\n\n\n\n<h2 class=\"wp-block-heading\"><strong>1 \u2013 INFORMAZIONI DI CARATTERE GENERALE<\/strong><\/h2>\n\n\n\n<p>Si informano gli utenti (di seguito \u201cInteressati\u201d, ex. Art. 4, c.1 del GDPR) dei seguenti profili generali, validi per tutti gli ambiti del trattamento:<\/p>\n\n\n\n<ul class=\"wp-block-list\"><li>il Titolare del Trattamento \u00e8 la scrivente Societ\u00e0, in persona del legale rappresentante:<br>Fortgale S.r.l.,<br>Corso Buenos Aires, \u2013 20124 Milano (MI)<br>Mail:&nbsp;<a href=\"mailto:privacy@fortgale.com\">privacy@fortgale.com<\/a><\/li><li>E\u2019 possibile rivolgersi a Fortgale per esercitare tutti i diritti previsti dagli artt. da 15 a 21 del GDPR: diritto di accesso, di rettifica, di cancellazione, di limitazione, di portabilit\u00e0, di opposizione, nonch\u00e9 di revocare un consenso precedentemente accordato scrivendo una email all\u2019indirizzo di posta elettronica&nbsp;<a href=\"mailto:privacy@fortgale.com\">privacy@fortgale.com<\/a>&nbsp;; in caso di mancato riscontro alle loro richieste, gli Interessati possono proporre un reclamo all\u2019Autorit\u00e0 di controllo per la protezione dei dati personali (ai sensi dell\u2019art. Art. 13, comma 2, lettera d del GDPR).<\/li><\/ul>\n\n\n\n<h2 class=\"wp-block-heading\"><strong>2 \u2013 INFORMAZIONI SPECIFICHE<\/strong><\/h2>\n\n\n\n<h3 class=\"wp-block-heading\">2.1 \u2013 Dati di navigazione<\/h3>\n\n\n\n<p>In questa articolo si descrivono le modalit\u00e0 di gestione dei dati personali acquisiti tramite il presente sito (log di navigazione e cookies) ed i servizi, ad esso collegati, che prevedono l\u2019interazione con l\u2019utente.<\/p>\n\n\n\n<p>I sistemi informatici e le procedure software preposte al funzionamento di questo sito web acquisiscono, nel corso del loro normale esercizio, alcuni dati personali la cui trasmissione \u00e8 implicita nell\u2019uso dei protocolli di comunicazione di Internet. Si tratta di informazioni che non sono raccolte per essere associate a interessati identificati, ma che per loro stessa natura potrebbero, attraverso elaborazioni ed associazioni con dati detenuti da terzi, permettere di identificare gli utenti. In questa categoria di dati rientrano gli indirizzi IP o i nomi a dominio dei computer utilizzati dagli utenti che si connettono al sito, gli indirizzi in notazione URI (Uniform Resource Identifier) delle risorse richieste, l\u2019orario della richiesta, il metodo utilizzato nel sottoporre la richiesta al server, la dimensione del file ottenuto in risposta, il codice numerico indicante lo stato della risposta data dal server (buon fine, errore, ecc.) e altri parametri relativi al sistema operativo e all\u2019ambiente informatico dell\u2019utente.<\/p>\n\n\n\n<h4 class=\"wp-block-heading\">2.1.1 \u2013 Finalit\u00e0 e base giuridica del trattamento (GDPR Art.13, comma 1, lett. c)&nbsp;&nbsp;&nbsp;&nbsp;&nbsp;&nbsp;&nbsp;&nbsp;&nbsp;<\/h4>\n\n\n\n<p>Questi dati vengono utilizzati al solo fine di ricavare informazioni statistiche anonime sull\u2019uso del Sito e per controllarne il corretto funzionamento. I dati potrebbero inoltre essere utilizzati per l\u2019accertamento di responsabilit\u00e0 in caso di ipotetici reati informatici ai danni del sito (legittimi interessi del titolare).<\/p>\n\n\n\n<h4 class=\"wp-block-heading\">2.1.2 \u2013 Ambito di comunicazione (GDPR Art.13, comma 1, lett. e, f)&nbsp;&nbsp;&nbsp;&nbsp;&nbsp;&nbsp;<\/h4>\n\n\n\n<p>I dati sono trattati esclusivamente da personale interno, regolarmente autorizzato e istruito al trattamento (GDPR Art. 29) e non saranno comunicati a soggetti esterni, diffusi o trasferiti in paesi extra-UE. Solamente in caso di indagine potranno essere messi a disposizione delle autorit\u00e0 competenti.<\/p>\n\n\n\n<h4 class=\"wp-block-heading\">2.1.3 \u2013 Periodo di conservazione dei dati (GDPR, Art.13, comma 2, lett. a)&nbsp;&nbsp;&nbsp;&nbsp;&nbsp;&nbsp;&nbsp;<\/h4>\n\n\n\n<p>I dati sono conservati per un periodo di tempo massimo di mesi 6 (sei), ad eccezione di eventuali prolungamenti connessi ad attivit\u00e0 di indagine.<\/p>\n\n\n\n<h4 class=\"wp-block-heading\">2.1.4 \u2013 Conferimento (GDPR, Art.13, comma 2, lett. f)&nbsp;&nbsp;&nbsp;&nbsp;&nbsp;<\/h4>\n\n\n\n<p>I dati sono conferiti facoltativamente dall\u2019Interessato.&nbsp;<\/p>\n\n\n\n<h3 class=\"wp-block-heading\">2.2 \u2013 Contatti<\/h3>\n\n\n\n<p>L\u2019invio facoltativo, esplicito e volontario di posta elettronica e\/o ordinaria agli indirizzi indicati nella sezione \u201cContatti\u201d e\/o attraverso il form presenti all\u2019interno di questo Sito, comporta l\u2019acquisizione dell\u2019indirizzo dell\u2019Interessato nonch\u00e9 degli eventuali altri dati personali contenuti nella comunicazione stessa, al fine di rispondere alle richieste.<\/p>\n\n\n\n<h4 class=\"wp-block-heading\">2.2.1 \u2013 Finalit\u00e0 e base giuridica del trattamento (GDPR Art.13, comma 1, lett. c)<\/h4>\n\n\n\n<p>I dati personali sono inviati dall\u2019Interessato tramite la compilazione degli appositi campi previsti.&nbsp; I dati sono trattati con il consenso dell\u2019interessato per la finalit\u00e0 di gestione e risposta alle richieste pervenute.<\/p>\n\n\n\n<h4 class=\"wp-block-heading\">2.2.2 \u2013 Ambito di comunicazione (GDPR, Art.13, comma 1, lett. e, f)&nbsp;&nbsp;&nbsp;&nbsp;&nbsp;<\/h4>\n\n\n\n<p>I dati sono trattati da personale interno, regolarmente autorizzato e istruito al trattamento (GDPR Art. 29) e non saranno comunicati a soggetti esterni, diffusi o trasferiti in paesi extra-UE.<\/p>\n\n\n\n<h4 class=\"wp-block-heading\">2.2.3 \u2013 Periodo di conservazione dei dati (GDPR-Art.13, comma 2, lett.a)<\/h4>\n\n\n\n<p>I dati sono conservati per il tempo necessario all\u2019evasione della richiesta.<\/p>\n\n\n\n<h4 class=\"wp-block-heading\">2.2.4 \u2013 Conferimento (GDPR-Art.13, comma 2, lett.f)&nbsp;&nbsp;&nbsp;&nbsp;&nbsp;&nbsp;&nbsp;<\/h4>\n\n\n\n<p>Il conferimento dei dati personali \u00e8 facoltativo, tuttavia il mancato conferimento dei dati e consenso al trattamento pu\u00f2 comportare l\u2019impossibilit\u00e0 di effettuare una corretta valutazione della richiesta dell\u2019Interessato.<\/p>\n\n\n\n<h2 class=\"wp-block-heading\"><strong>3 \u2013 COOKIE<\/strong><\/h2>\n\n\n\n<h3 class=\"wp-block-heading\">3.1 \u2013 Definizione cookie<\/h3>\n\n\n\n<p>I cookie sono piccoli file di testo che vengono inviati al computer dell\u2019Interessato dal Sito che utilizza i seguenti tipi di cookie:<\/p>\n\n\n\n<h4 class=\"wp-block-heading\">3.1.1 \u2013 Cookie tecnici di sessione<\/h4>\n\n\n\n<p>L\u2019uso di c.d. cookie di sessione \u00e8 strettamente limitato alla trasmissione di identificativi di sessione (costituiti da numeri casuali generati dal server) necessari per consentire l\u2019esplorazione sicura ed efficiente del sito. I c.d. cookie di sessione utilizzati in questo sito evitano il ricorso ad altre tecniche informatiche potenzialmente pregiudizievoli per la riservatezza della navigazione degli utenti e non consentono l\u2019acquisizione di dati personali identificativi dell\u2019utente. Tali cookie sono trattati in modalit\u00e0 informatica.<br>Vi sono ulteriori cookie tecnici essenziali per il corretto funzionamento del sito web. Questi cookie consentono di fornire i servizi richiesti dagli utenti e di navigare nel sito utilizzando le sue prestazioni migliori. Questo tipo di cookie non pu\u00f2 essere disabilitato in quanto \u00e8 necessario per il corretto funzionamento del sito.<\/p>\n\n\n\n<h4 class=\"wp-block-heading\">3.1.2 \u2013 Cookie analytics.<\/h4>\n\n\n\n<p>Questo sito web utilizza Google Analytics, un servizio di analisi web fornito da Google, Inc. (\u201cGoogle\u201d). Google Analytics utilizza dei \u201ccookie\u201d, che sono file di testo che vengono depositati sul Vostro computer per consentire al sito web di analizzare come gli utenti utilizzano il sito. Le informazioni generate dal cookie sull\u2019utilizzo del sito web da parte Vostra (compreso il Vostro indirizzo IP) verranno trasmesse in forma anonima e depositate presso i server di Google negli Stati Uniti. Google (autonomo titolare del trattamento) utilizzer\u00e0 queste informazioni allo scopo di tracciare ed esaminare il Vostro utilizzo del sito web. In particolare \u00e8 finalizzato ad individuare quali siano le pagine pi\u00f9 visualizzate dagli utenti\/visitatori del sito, per quanto tempo sono rimasti all\u2019interno dello stesso, l\u2019area geografica di provenienza. Tali informazioni vengono trattate solamente per fini statistici e in forma anonima. Ad ogni modo, questi cookie non possono essere utilizzati per fare profilazione o identificare utenti particolari, ma vengono adoperati esclusivamente a fini statistici in forma aggregata.<\/p>\n\n\n\n<p>Google ha la facolt\u00e0 di trasferire queste informazioni a terzi ove ci\u00f2 sia imposto dalla legge o laddove tali terzi trattino le suddette informazioni per conto di Google. Google non assocer\u00e0 il vostro indirizzo IP a nessun altro dato posseduto da Google. Potete rifiutarvi di usare i cookie selezionando l\u2019impostazione appropriata sul vostro browser, ma ci\u00f2 potrebbe impedirvi di utilizzare tutte le funzionalit\u00e0 di questo sito web.<\/p>\n\n\n\n<p>Per maggiori informazioni si rimanda alla pagina&nbsp;&nbsp;<a href=\"https:\/\/www.google.com\/policies\/privacy\">https:\/\/www.google.com\/policies\/privacy<\/a><\/p>\n\n\n\n<h4 class=\"wp-block-heading\">3.1.3 \u2013 Cookie di profilazione\/advertising di terze parti<\/h4>\n\n\n\n<p>Nel corso della navigazione sul Sito, l\u2019utente potrebbe ricevere sul suo terminale anche cookie di siti o di web server diversi (c.d. cookies di \u201cterze parti\u201d): ci\u00f2 accade perch\u00e9 sul Sito possono essere presenti elementi come, ad esempio, immagini, mappe, specifici link a pagine web di altri domini che risiedono su server diversi da quello sul quale si trova la pagina richiesta. In altre parole, detti cookie sono impostati direttamente da gestori di siti web o server diversi dal Sito.<\/p>\n\n\n\n<p>Questi cookie possono essere inviati al browser dell\u2019utente da societ\u00e0 terze direttamente dal loro siti web cui \u00e8 possibile accedere navigando dal Sito. In tali casi, Fortgale \u00e8 totalmente estranea alla operativit\u00e0 di tali cookie, il cui invio rientra nella responsabilit\u00e0 di tali societ\u00e0 terze. Come infatti chiarito dal Garante per la privacy: \u201cL\u2019obbligo di informare l\u2019utente sull\u2019uso dei cookie e di acquisirne eventualmente il preventivo consenso incombe sul gestore del sito che li usa, in qualit\u00e0 di titolare del trattamento. Nel caso in cui un sito consenta la trasmissione anche di cookie di \u201cterze parti\u201d, l\u2019informativa e l\u2019acquisizione del consenso sono di norma a carico del terzo. \u00c8 necessario che l\u2019utente venga adeguatamente informato, seppur con le modalit\u00e0 semplificate previste dalla legge, nel momento in cui accede al sito che consente la memorizzazione dei cookie terze parti, ovvero quando accede ai contenuti forniti dalle terze parti e, comunque, prima che i cookie vengano scaricati sul suo terminale\u201d.<\/p>\n\n\n\n<h3 class=\"wp-block-heading\">3.2 \u2013 Come gestire\/disabilitare i cookie<\/h3>\n\n\n\n<p>Ciascun browser, presenta procedure diverse per la gestione dei cookies, di seguito si riportano i rispettivi link alle istruzioni specifiche di quelli pi\u00f9 diffusi:<\/p>\n\n\n\n<ul class=\"wp-block-list\"><li>Internet Explorer:&nbsp;&nbsp;<a href=\"https:\/\/windows.microsoft.com\/it-it\/internet-explorer\/delete-manage-cookies#ie=ie-11\">https:\/\/windows.microsoft.com\/it-it\/internet-explorer\/delete-manage-cookies#ie=ie-11<\/a><\/li><li>Google Chrome:&nbsp;&nbsp;<a href=\"https:\/\/support.google.com\/accounts\/answer\/61416?hl=it\">https:\/\/support.google.com\/accounts\/answer\/61416?hl=it<\/a><\/li><li>Apple Safari:&nbsp;&nbsp;<a href=\"https:\/\/support.apple.com\/kb\/HT1677?viewlocale=it_IT\">https:\/\/support.apple.com\/kb\/HT1677?viewlocale=it_IT<\/a><\/li><li>Mozilla Firefox:&nbsp;&nbsp;<a href=\"https:\/\/support.mozilla.org\/it\/kb\/Attivare%20e%20disattivare%20i%20cookie\">https:\/\/support.mozilla.org\/it\/kb\/Attivare%20e%20disattivare%20i%20cookie<\/a><\/li><\/ul>\n\n\n\n<h2 class=\"wp-block-heading\"><strong>5 \u2013 Aggiornamento del presente documento<\/strong><\/h2>\n\n\n\n<p>Ultimo aggiornamento al 18 novembre 2021. Tale aggiornamento \u00e8 effettuato all\u2019interno di una politica di costante revisione delle informative.<\/p>\n\n\n\n<p>Eventuali aggiornamenti saranno sempre pubblicati in questa pagina.<\/p>\n","protected":false},"excerpt":{"rendered":"<p>Informativa ai sensi dell\u2019Art. 13 del Regolamento Europeo n. 679\/2016 (GDPR) Questo documento \u00e8 stato redatto in conformit\u00e0 ai principi del Regolamento UE 2016\/679 (GDPR) in materia di protezione dei dati personali (di seguito il \u201cRegolamento\u201d) con la finalit\u00e0 permettere agli utenti del sito&nbsp;www.fortgale.com&nbsp;(di seguito il \u201cSito\u201d) di conoscerne la politica sulla privacy, capire come [&hellip;]<\/p>\n","protected":false},"author":1,"featured_media":0,"parent":0,"menu_order":0,"comment_status":"closed","ping_status":"closed","template":"","meta":{"footnotes":""},"class_list":["post-4163","page","type-page","status-publish","hentry"],"_links":{"self":[{"href":"https:\/\/fortgale.com\/blog\/wp-json\/wp\/v2\/pages\/4163","targetHints":{"allow":["GET"]}}],"collection":[{"href":"https:\/\/fortgale.com\/blog\/wp-json\/wp\/v2\/pages"}],"about":[{"href":"https:\/\/fortgale.com\/blog\/wp-json\/wp\/v2\/types\/page"}],"author":[{"embeddable":true,"href":"https:\/\/fortgale.com\/blog\/wp-json\/wp\/v2\/users\/1"}],"replies":[{"embeddable":true,"href":"https:\/\/fortgale.com\/blog\/wp-json\/wp\/v2\/comments?post=4163"}],"version-history":[{"count":1,"href":"https:\/\/fortgale.com\/blog\/wp-json\/wp\/v2\/pages\/4163\/revisions"}],"predecessor-version":[{"id":4164,"href":"https:\/\/fortgale.com\/blog\/wp-json\/wp\/v2\/pages\/4163\/revisions\/4164"}],"wp:attachment":[{"href":"https:\/\/fortgale.com\/blog\/wp-json\/wp\/v2\/media?parent=4163"}],"curies":[{"name":"wp","href":"https:\/\/api.w.org\/{rel}","templated":true}]}}